{"id":969,"date":"2020-12-24T09:46:50","date_gmt":"2020-12-24T09:46:50","guid":{"rendered":"https:\/\/www.softtorque.com\/?page_id=969"},"modified":"2025-01-09T18:14:55","modified_gmt":"2025-01-09T18:14:55","slug":"engie-electroproject","status":"publish","type":"page","link":"https:\/\/www.softtorque.com\/es\/who-we-are\/electroproject\/","title":{"rendered":"Electroproyecto"},"content":{"rendered":"<div data-elementor-type=\"wp-page\" data-elementor-id=\"969\" class=\"elementor elementor-969\" data-elementor-post-type=\"page\">\n\t\t\t\t\t\t<section class=\"elementor-section elementor-top-section elementor-element elementor-element-3c339143 elementor-section-height-min-height elementor-section-boxed elementor-section-height-default elementor-section-items-middle\" data-id=\"3c339143\" data-element_type=\"section\" data-e-type=\"section\" data-settings=\"{&quot;background_background&quot;:&quot;classic&quot;}\">\n\t\t\t\t\t\t<div class=\"elementor-container elementor-column-gap-default\">\n\t\t\t\t\t\t<\/div>\n\t\t<\/section>\n\t\t\t\t<section class=\"elementor-section elementor-top-section elementor-element elementor-element-4d267a7 elementor-section-boxed elementor-section-height-default elementor-section-height-default\" data-id=\"4d267a7\" data-element_type=\"section\" data-e-type=\"section\" data-settings=\"{&quot;background_background&quot;:&quot;classic&quot;}\">\n\t\t\t\t\t\t<div class=\"elementor-container elementor-column-gap-default\">\n\t\t\t\t\t<div class=\"elementor-column elementor-col-50 elementor-top-column elementor-element elementor-element-1f68dc4\" data-id=\"1f68dc4\" data-element_type=\"column\" data-e-type=\"column\" data-settings=\"{&quot;background_background&quot;:&quot;classic&quot;,&quot;animation&quot;:&quot;none&quot;}\">\n\t\t\t<div class=\"elementor-widget-wrap elementor-element-populated\">\n\t\t\t\t\t\t<div class=\"elementor-element elementor-element-a4b17a3 elementor-widget elementor-widget-heading\" data-id=\"a4b17a3\" data-element_type=\"widget\" data-e-type=\"widget\" data-widget_type=\"heading.default\">\n\t\t\t\t<div class=\"elementor-widget-container\">\n\t\t\t\t\t<h1 class=\"elementor-heading-title elementor-size-default\">Ochenta a\u00f1os como socio industrial de soluciones de accionamiento y control<\/h1>\t\t\t\t<\/div>\n\t\t\t\t<\/div>\n\t\t\t\t\t<\/div>\n\t\t<\/div>\n\t\t\t\t<div class=\"elementor-column elementor-col-50 elementor-top-column elementor-element elementor-element-c8241af\" data-id=\"c8241af\" data-element_type=\"column\" data-e-type=\"column\">\n\t\t\t<div class=\"elementor-widget-wrap\">\n\t\t\t\t\t\t\t<\/div>\n\t\t<\/div>\n\t\t\t\t\t<\/div>\n\t\t<\/section>\n\t\t\t\t<section class=\"elementor-section elementor-top-section elementor-element elementor-element-38d63a28 elementor-section-boxed elementor-section-height-default elementor-section-height-default\" data-id=\"38d63a28\" data-element_type=\"section\" data-e-type=\"section\" data-settings=\"{&quot;background_background&quot;:&quot;classic&quot;}\">\n\t\t\t\t\t\t<div class=\"elementor-container elementor-column-gap-default\">\n\t\t\t\t\t<div class=\"elementor-column elementor-col-50 elementor-top-column elementor-element elementor-element-409790ad\" data-id=\"409790ad\" data-element_type=\"column\" data-e-type=\"column\">\n\t\t\t<div class=\"elementor-widget-wrap elementor-element-populated\">\n\t\t\t\t\t\t<div class=\"elementor-element elementor-element-18c1ef7 elementor-widget elementor-widget-breadcrumbs\" data-id=\"18c1ef7\" data-element_type=\"widget\" data-e-type=\"widget\" data-widget_type=\"breadcrumbs.default\">\n\t\t\t\t<div class=\"elementor-widget-container\">\n\t\t\t\t\t<p id=\"breadcrumbs\"><span><span><a href=\"https:\/\/www.softtorque.com\/es\/\">Inicio<\/a><\/span><\/span><\/p>\t\t\t\t<\/div>\n\t\t\t\t<\/div>\n\t\t\t\t<div class=\"elementor-element elementor-element-23bd1e33 elementor-widget elementor-widget-text-editor\" data-id=\"23bd1e33\" data-element_type=\"widget\" data-e-type=\"widget\" data-widget_type=\"text-editor.default\">\n\t\t\t\t<div class=\"elementor-widget-container\">\n\t\t\t\t\t\t\t\t\t<h2>Acerca de Electroproject<\/h2><p><b>En el campo de la energ\u00eda, el Electroproyecto es l\u00edder en soluciones especializadas para sistemas de accionamiento, incendios y seguridad, energ\u00eda inteligente y aplicaciones de perforaci\u00f3n. En todo el mundo, nuestros clientes -de sectores que van desde la marina y el offshore hasta la construcci\u00f3n de maquinaria y puentes, pasando por el suministro de agua- conf\u00edan a diario en nuestros productos de alto nivel, servicios y tecnolog\u00edas probadas.<\/b><\/p><p>Electroproject cuenta con m\u00e1s de ochenta a\u00f1os de experiencia en el dise\u00f1o, ingenier\u00eda, distribuci\u00f3n e implantaci\u00f3n de sistemas de accionamiento el\u00e9ctrico y controles. Las soluciones de Electroproject se dise\u00f1an de acuerdo con los siguientes principios:<\/p><ul><li>Sostenibilidad y eficiencia energ\u00e9tica<\/li><li>Mejora de los procesos y gesti\u00f3n de los productos<\/li><li>Seguridad para las personas y el medio ambiente<\/li><\/ul><h2>Calidad e innovaci\u00f3n<\/h2><p>La calidad y la innovaci\u00f3n son nuestros motores. Nuestro enfoque en la calidad se ha traducido en tecnolog\u00edas fiables que se utilizan a diario en aplicaciones de gr\u00faas y en un sistema de lanzamiento de monta\u00f1as rusas. La innovaci\u00f3n nos ha proporcionado el liderazgo de producto en aplicaciones Softtorque, sensores de sarta de perforaci\u00f3n basados en modelos en tiempo real y an\u00e1lisis de datos. Un equipo de expertos comprometidos ofrece asesoramiento, dise\u00f1o, gesti\u00f3n de proyectos y servicios de mantenimiento a los clientes, centr\u00e1ndose en los tres sectores empresariales siguientes:<\/p><ul><li>Aplicaciones de perforaci\u00f3n<\/li><li>Sistemas de propulsi\u00f3n y controles<\/li><li>Sistemas energ\u00e9ticos inteligentes<\/li><\/ul><h2>El primero del mundo<\/h2><p>Fuimos la primera empresa del mundo en desarrollar e implantar un sistema Softtorque para sistemas AC TD, que mitiga con \u00e9xito el efecto stick-slip. Desde entonces, Electroproject Softtorque ha demostrado ser un importante ahorro de costes, permitiendo a los operadores reducir en millones los costes de perforaci\u00f3n.<\/p><h2>Parte de EQUANS<\/h2><p>Electroproject forma parte de EQUANS, l\u00edder europeo en servicios de eficiencia energ\u00e9tica y medioambiental. EQUANS dise\u00f1a, realiza y explota soluciones a largo plazo que responden a las necesidades energ\u00e9ticas de las empresas y las autoridades p\u00fablicas, mejoran el rendimiento de sus instalaciones t\u00e9cnicas y valorizan sus activos, al tiempo que garantizan un servicio \u00f3ptimo y reducen su impacto medioambiental.<\/p>\t\t\t\t\t\t\t\t<\/div>\n\t\t\t\t<\/div>\n\t\t\t\t\t<\/div>\n\t\t<\/div>\n\t\t\t\t<div class=\"elementor-column elementor-col-50 elementor-top-column elementor-element elementor-element-647f4886\" data-id=\"647f4886\" data-element_type=\"column\" data-e-type=\"column\" data-settings=\"{&quot;background_background&quot;:&quot;classic&quot;}\">\n\t\t\t<div class=\"elementor-widget-wrap elementor-element-populated\">\n\t\t\t\t\t\t<div class=\"elementor-element elementor-element-50427f4f elementor-widget elementor-widget-text-editor\" data-id=\"50427f4f\" data-element_type=\"widget\" data-e-type=\"widget\" data-widget_type=\"text-editor.default\">\n\t\t\t\t<div class=\"elementor-widget-container\">\n\t\t\t\t\t\t\t\t\t<h3>\u00bfQuiere saber m\u00e1s?<\/h3><p>Contamos con un equipo de asistencia profesional para todos nuestros clientes. No dude en hacernos cualquier pregunta.<\/p>\t\t\t\t\t\t\t\t<\/div>\n\t\t\t\t<\/div>\n\t\t\t\t<div class=\"elementor-element elementor-element-35b8c66 elementor-widget elementor-widget-button\" data-id=\"35b8c66\" data-element_type=\"widget\" data-e-type=\"widget\" data-widget_type=\"button.default\">\n\t\t\t\t<div class=\"elementor-widget-container\">\n\t\t\t\t\t\t\t\t\t<div class=\"elementor-button-wrapper\">\n\t\t\t\t\t<a class=\"elementor-button elementor-button-link elementor-size-sm\" href=\"https:\/\/www.softtorque.com\/es\/pongase-en-contacto-con\/\">\n\t\t\t\t\t\t<span class=\"elementor-button-content-wrapper\">\n\t\t\t\t\t\t<span class=\"elementor-button-icon\">\n\t\t\t\t<i aria-hidden=\"true\" class=\"fas fa-chevron-circle-right\"><\/i>\t\t\t<\/span>\n\t\t\t\t\t\t\t\t\t<span class=\"elementor-button-text\">P\u00f3ngase en contacto con nosotros<\/span>\n\t\t\t\t\t<\/span>\n\t\t\t\t\t<\/a>\n\t\t\t\t<\/div>\n\t\t\t\t\t\t\t\t<\/div>\n\t\t\t\t<\/div>\n\t\t\t\t<div class=\"elementor-element elementor-element-5cf95ef elementor-widget elementor-widget-text-editor\" data-id=\"5cf95ef\" data-element_type=\"widget\" data-e-type=\"widget\" data-widget_type=\"text-editor.default\">\n\t\t\t\t<div class=\"elementor-widget-container\">\n\t\t\t\t\t\t\t\t\t<h3>\u00bfQuiere saber m\u00e1s sobre Electroproject?<\/h3>\n<ul>\n \t<li><a href=\"https:\/\/www.electroproject.nl\/\" target=\"_blank\" rel=\"noopener\">P\u00e1gina web de Electroproject<\/a><\/li>\n \t<li><a href=\"https:\/\/www.softtorque.com\/wp-content\/uploads\/2021\/06\/letter_of_appreciation_shell.pdf\" target=\"_blank\" rel=\"noopener\">Carta de agradecimiento de Shell<\/a><\/li>\n<\/ul>\t\t\t\t\t\t\t\t<\/div>\n\t\t\t\t<\/div>\n\t\t\t\t\t<\/div>\n\t\t<\/div>\n\t\t\t\t\t<\/div>\n\t\t<\/section>\n\t\t\t\t<section class=\"elementor-section elementor-top-section elementor-element elementor-element-58f9b478 elementor-section-boxed elementor-section-height-default elementor-section-height-default\" data-id=\"58f9b478\" data-element_type=\"section\" data-e-type=\"section\">\n\t\t\t\t\t\t<div class=\"elementor-container elementor-column-gap-default\">\n\t\t\t\t\t\t<\/div>\n\t\t<\/section>\n\t\t\t\t<section class=\"elementor-section elementor-top-section elementor-element elementor-element-ae85e24 elementor-section-boxed elementor-section-height-default elementor-section-height-default\" data-id=\"ae85e24\" data-element_type=\"section\" data-e-type=\"section\">\n\t\t\t\t\t\t<div class=\"elementor-container elementor-column-gap-default\">\n\t\t\t\t\t<div class=\"elementor-column elementor-col-100 elementor-top-column elementor-element elementor-element-312b4d0\" data-id=\"312b4d0\" data-element_type=\"column\" data-e-type=\"column\">\n\t\t\t<div class=\"elementor-widget-wrap elementor-element-populated\">\n\t\t\t\t\t\t\t<\/div>\n\t\t<\/div>\n\t\t\t\t\t<\/div>\n\t\t<\/section>\n\t\t\t\t<\/div>","protected":false},"excerpt":{"rendered":"<p>Eighty years as an industry partner for drive and control solutions About Electroproject In the energy field, the Electroproject is a leading specialist solution for drive systems, fire &amp; security, smart power, and drilling applications. Worldwide, our clients \u2013 in industries ranging from marine and offshore to machine- and bridge building, and water supplies \u2013 [&hellip;]<\/p>\n","protected":false},"author":1,"featured_media":0,"parent":1381,"menu_order":0,"comment_status":"closed","ping_status":"closed","template":"","meta":{"inline_featured_image":false,"site-sidebar-layout":"no-sidebar","site-content-layout":"page-builder","ast-site-content-layout":"default","site-content-style":"default","site-sidebar-style":"default","ast-global-header-display":"","ast-banner-title-visibility":"","ast-main-header-display":"","ast-hfb-above-header-display":"","ast-hfb-below-header-display":"","ast-hfb-mobile-header-display":"","site-post-title":"disabled","ast-breadcrumbs-content":"disabled","ast-featured-img":"disabled","footer-sml-layout":"","ast-disable-related-posts":"","theme-transparent-header-meta":"default","adv-header-id-meta":"","stick-header-meta":"default","header-above-stick-meta":"","header-main-stick-meta":"","header-below-stick-meta":"","astra-migrate-meta-layouts":"default","ast-page-background-enabled":"default","ast-page-background-meta":{"desktop":{"background-color":"","background-image":"","background-repeat":"repeat","background-position":"center center","background-size":"auto","background-attachment":"scroll","background-type":"","background-media":"","overlay-type":"","overlay-color":"","overlay-opacity":"","overlay-gradient":""},"tablet":{"background-color":"","background-image":"","background-repeat":"repeat","background-position":"center center","background-size":"auto","background-attachment":"scroll","background-type":"","background-media":"","overlay-type":"","overlay-color":"","overlay-opacity":"","overlay-gradient":""},"mobile":{"background-color":"","background-image":"","background-repeat":"repeat","background-position":"center center","background-size":"auto","background-attachment":"scroll","background-type":"","background-media":"","overlay-type":"","overlay-color":"","overlay-opacity":"","overlay-gradient":""}},"ast-content-background-meta":{"desktop":{"background-color":"var(--ast-global-color-5)","background-image":"","background-repeat":"repeat","background-position":"center center","background-size":"auto","background-attachment":"scroll","background-type":"","background-media":"","overlay-type":"","overlay-color":"","overlay-opacity":"","overlay-gradient":""},"tablet":{"background-color":"var(--ast-global-color-5)","background-image":"","background-repeat":"repeat","background-position":"center center","background-size":"auto","background-attachment":"scroll","background-type":"","background-media":"","overlay-type":"","overlay-color":"","overlay-opacity":"","overlay-gradient":""},"mobile":{"background-color":"var(--ast-global-color-5)","background-image":"","background-repeat":"repeat","background-position":"center center","background-size":"auto","background-attachment":"scroll","background-type":"","background-media":"","overlay-type":"","overlay-color":"","overlay-opacity":"","overlay-gradient":""}},"footnotes":""},"class_list":["post-969","page","type-page","status-publish","hentry"],"yoast_head":"<!-- This site is optimized with the Yoast SEO plugin v27.1.1 - https:\/\/yoast.com\/product\/yoast-seo-wordpress\/ -->\n<title>Electroproject | Softtorque<\/title>\n<meta name=\"robots\" content=\"index, follow, max-snippet:-1, max-image-preview:large, max-video-preview:-1\" \/>\n<link rel=\"canonical\" href=\"https:\/\/www.softtorque.com\/es\/quienes-somos\/engie-electroproject\/\" \/>\n<meta property=\"og:locale\" content=\"es_ES\" \/>\n<meta property=\"og:type\" content=\"article\" \/>\n<meta property=\"og:title\" content=\"Electroproject | Softtorque\" \/>\n<meta property=\"og:description\" content=\"Eighty years as an industry partner for drive and control solutions About Electroproject In the energy field, the Electroproject is a leading specialist solution for drive systems, fire &amp; security, smart power, and drilling applications. Worldwide, our clients \u2013 in industries ranging from marine and offshore to machine- and bridge building, and water supplies \u2013 [&hellip;]\" \/>\n<meta property=\"og:url\" content=\"https:\/\/www.softtorque.com\/es\/quienes-somos\/engie-electroproject\/\" \/>\n<meta property=\"og:site_name\" content=\"Softtorque\" \/>\n<meta property=\"article:modified_time\" content=\"2025-01-09T18:14:55+00:00\" \/>\n<meta name=\"twitter:card\" content=\"summary_large_image\" \/>\n<meta name=\"twitter:label1\" content=\"Tiempo de lectura\" \/>\n\t<meta name=\"twitter:data1\" content=\"2 minutos\" \/>\n<script type=\"application\/ld+json\" class=\"yoast-schema-graph\">{\"@context\":\"https:\/\/schema.org\",\"@graph\":[{\"@type\":\"WebPage\",\"@id\":\"https:\/\/www.softtorque.com\/who-we-are\/electroproject\/\",\"url\":\"https:\/\/www.softtorque.com\/who-we-are\/electroproject\/\",\"name\":\"Electroproject | Softtorque\",\"isPartOf\":{\"@id\":\"https:\/\/www.softtorque.com\/#website\"},\"datePublished\":\"2020-12-24T09:46:50+00:00\",\"dateModified\":\"2025-01-09T18:14:55+00:00\",\"breadcrumb\":{\"@id\":\"https:\/\/www.softtorque.com\/who-we-are\/electroproject\/#breadcrumb\"},\"inLanguage\":\"es\",\"potentialAction\":[{\"@type\":\"ReadAction\",\"target\":[\"https:\/\/www.softtorque.com\/who-we-are\/electroproject\/\"]}]},{\"@type\":\"BreadcrumbList\",\"@id\":\"https:\/\/www.softtorque.com\/who-we-are\/electroproject\/#breadcrumb\",\"itemListElement\":[{\"@type\":\"ListItem\",\"position\":1,\"name\":\"Home\",\"item\":\"https:\/\/www.softtorque.com\/\"},{\"@type\":\"ListItem\",\"position\":2,\"name\":\"Who we are\",\"item\":\"https:\/\/www.softtorque.com\/who-we-are\/\"},{\"@type\":\"ListItem\",\"position\":3,\"name\":\"Electroproject\"}]},{\"@type\":\"WebSite\",\"@id\":\"https:\/\/www.softtorque.com\/#website\",\"url\":\"https:\/\/www.softtorque.com\/\",\"name\":\"Softtorque\",\"description\":\"\",\"publisher\":{\"@id\":\"https:\/\/www.softtorque.com\/#organization\"},\"potentialAction\":[{\"@type\":\"SearchAction\",\"target\":{\"@type\":\"EntryPoint\",\"urlTemplate\":\"https:\/\/www.softtorque.com\/?s={search_term_string}\"},\"query-input\":{\"@type\":\"PropertyValueSpecification\",\"valueRequired\":true,\"valueName\":\"search_term_string\"}}],\"inLanguage\":\"es\"},{\"@type\":\"Organization\",\"@id\":\"https:\/\/www.softtorque.com\/#organization\",\"name\":\"Logopediepraktijk Oosterwijk\",\"url\":\"https:\/\/www.softtorque.com\/\",\"logo\":{\"@type\":\"ImageObject\",\"inLanguage\":\"es\",\"@id\":\"https:\/\/www.softtorque.com\/#\/schema\/logo\/image\/\",\"url\":\"\",\"contentUrl\":\"\",\"caption\":\"Logopediepraktijk Oosterwijk\"},\"image\":{\"@id\":\"https:\/\/www.softtorque.com\/#\/schema\/logo\/image\/\"}}]}<\/script>\n<!-- \/ Yoast SEO plugin. -->","yoast_head_json":{"title":"Electroproject | Softtorque","robots":{"index":"index","follow":"follow","max-snippet":"max-snippet:-1","max-image-preview":"max-image-preview:large","max-video-preview":"max-video-preview:-1"},"canonical":"https:\/\/www.softtorque.com\/es\/quienes-somos\/engie-electroproject\/","og_locale":"es_ES","og_type":"article","og_title":"Electroproject | Softtorque","og_description":"Eighty years as an industry partner for drive and control solutions About Electroproject In the energy field, the Electroproject is a leading specialist solution for drive systems, fire &amp; security, smart power, and drilling applications. Worldwide, our clients \u2013 in industries ranging from marine and offshore to machine- and bridge building, and water supplies \u2013 [&hellip;]","og_url":"https:\/\/www.softtorque.com\/es\/quienes-somos\/engie-electroproject\/","og_site_name":"Softtorque","article_modified_time":"2025-01-09T18:14:55+00:00","twitter_card":"summary_large_image","twitter_misc":{"Tiempo de lectura":"2 minutos"},"schema":{"@context":"https:\/\/schema.org","@graph":[{"@type":"WebPage","@id":"https:\/\/www.softtorque.com\/who-we-are\/electroproject\/","url":"https:\/\/www.softtorque.com\/who-we-are\/electroproject\/","name":"Electroproject | Softtorque","isPartOf":{"@id":"https:\/\/www.softtorque.com\/#website"},"datePublished":"2020-12-24T09:46:50+00:00","dateModified":"2025-01-09T18:14:55+00:00","breadcrumb":{"@id":"https:\/\/www.softtorque.com\/who-we-are\/electroproject\/#breadcrumb"},"inLanguage":"es","potentialAction":[{"@type":"ReadAction","target":["https:\/\/www.softtorque.com\/who-we-are\/electroproject\/"]}]},{"@type":"BreadcrumbList","@id":"https:\/\/www.softtorque.com\/who-we-are\/electroproject\/#breadcrumb","itemListElement":[{"@type":"ListItem","position":1,"name":"Home","item":"https:\/\/www.softtorque.com\/"},{"@type":"ListItem","position":2,"name":"Who we are","item":"https:\/\/www.softtorque.com\/who-we-are\/"},{"@type":"ListItem","position":3,"name":"Electroproject"}]},{"@type":"WebSite","@id":"https:\/\/www.softtorque.com\/#website","url":"https:\/\/www.softtorque.com\/","name":"Apriete suave","description":"","publisher":{"@id":"https:\/\/www.softtorque.com\/#organization"},"potentialAction":[{"@type":"SearchAction","target":{"@type":"EntryPoint","urlTemplate":"https:\/\/www.softtorque.com\/?s={search_term_string}"},"query-input":{"@type":"PropertyValueSpecification","valueRequired":true,"valueName":"search_term_string"}}],"inLanguage":"es"},{"@type":"Organization","@id":"https:\/\/www.softtorque.com\/#organization","name":"Logopediepraktijk Oosterwijk","url":"https:\/\/www.softtorque.com\/","logo":{"@type":"ImageObject","inLanguage":"es","@id":"https:\/\/www.softtorque.com\/#\/schema\/logo\/image\/","url":"","contentUrl":"","caption":"Logopediepraktijk Oosterwijk"},"image":{"@id":"https:\/\/www.softtorque.com\/#\/schema\/logo\/image\/"}}]}},"_links":{"self":[{"href":"https:\/\/www.softtorque.com\/es\/wp-json\/wp\/v2\/pages\/969","targetHints":{"allow":["GET"]}}],"collection":[{"href":"https:\/\/www.softtorque.com\/es\/wp-json\/wp\/v2\/pages"}],"about":[{"href":"https:\/\/www.softtorque.com\/es\/wp-json\/wp\/v2\/types\/page"}],"author":[{"embeddable":true,"href":"https:\/\/www.softtorque.com\/es\/wp-json\/wp\/v2\/users\/1"}],"replies":[{"embeddable":true,"href":"https:\/\/www.softtorque.com\/es\/wp-json\/wp\/v2\/comments?post=969"}],"version-history":[{"count":16,"href":"https:\/\/www.softtorque.com\/es\/wp-json\/wp\/v2\/pages\/969\/revisions"}],"predecessor-version":[{"id":3301,"href":"https:\/\/www.softtorque.com\/es\/wp-json\/wp\/v2\/pages\/969\/revisions\/3301"}],"up":[{"embeddable":true,"href":"https:\/\/www.softtorque.com\/es\/wp-json\/wp\/v2\/pages\/1381"}],"wp:attachment":[{"href":"https:\/\/www.softtorque.com\/es\/wp-json\/wp\/v2\/media?parent=969"}],"curies":[{"name":"wp","href":"https:\/\/api.w.org\/{rel}","templated":true}]}}