{"id":1378,"date":"2021-03-18T13:35:09","date_gmt":"2021-03-18T13:35:09","guid":{"rendered":"https:\/\/www.softtorque.com\/?page_id=1378"},"modified":"2024-10-01T15:20:12","modified_gmt":"2024-10-01T15:20:12","slug":"electroproyecto-y-torque-suave","status":"publish","type":"page","link":"https:\/\/www.softtorque.com\/es\/who-we-are\/electroproject-and-soft-torque\/","title":{"rendered":"Electroproyecto y Softtorque"},"content":{"rendered":"<div data-elementor-type=\"wp-page\" data-elementor-id=\"1378\" class=\"elementor elementor-1378\" data-elementor-post-type=\"page\">\n\t\t\t\t\t\t<section class=\"elementor-section elementor-top-section elementor-element elementor-element-491c2fbb elementor-section-height-min-height elementor-section-boxed elementor-section-height-default elementor-section-items-middle\" data-id=\"491c2fbb\" data-element_type=\"section\" data-e-type=\"section\" data-settings=\"{&quot;background_background&quot;:&quot;classic&quot;}\">\n\t\t\t\t\t\t<div class=\"elementor-container elementor-column-gap-default\">\n\t\t\t\t\t\t<\/div>\n\t\t<\/section>\n\t\t\t\t<section class=\"elementor-section elementor-top-section elementor-element elementor-element-543ad77d elementor-section-boxed elementor-section-height-default elementor-section-height-default\" data-id=\"543ad77d\" data-element_type=\"section\" data-e-type=\"section\" data-settings=\"{&quot;background_background&quot;:&quot;classic&quot;}\">\n\t\t\t\t\t\t<div class=\"elementor-container elementor-column-gap-default\">\n\t\t\t\t\t<div class=\"elementor-column elementor-col-50 elementor-top-column elementor-element elementor-element-591b1b32\" data-id=\"591b1b32\" data-element_type=\"column\" data-e-type=\"column\" data-settings=\"{&quot;background_background&quot;:&quot;classic&quot;,&quot;animation&quot;:&quot;none&quot;}\">\n\t\t\t<div class=\"elementor-widget-wrap elementor-element-populated\">\n\t\t\t\t\t\t<div class=\"elementor-element elementor-element-4420b814 elementor-widget elementor-widget-heading\" data-id=\"4420b814\" data-element_type=\"widget\" data-e-type=\"widget\" data-widget_type=\"heading.default\">\n\t\t\t\t<div class=\"elementor-widget-container\">\n\t\t\t\t\t<h1 class=\"elementor-heading-title elementor-size-default\">Softtorque avanzado\nTecnolog\u00eda de mitigaci\u00f3n del stick-slip de nuevo nivel<\/h1>\t\t\t\t<\/div>\n\t\t\t\t<\/div>\n\t\t\t\t\t<\/div>\n\t\t<\/div>\n\t\t\t\t<div class=\"elementor-column elementor-col-50 elementor-top-column elementor-element elementor-element-10c1f7ea\" data-id=\"10c1f7ea\" data-element_type=\"column\" data-e-type=\"column\">\n\t\t\t<div class=\"elementor-widget-wrap\">\n\t\t\t\t\t\t\t<\/div>\n\t\t<\/div>\n\t\t\t\t\t<\/div>\n\t\t<\/section>\n\t\t\t\t<section class=\"elementor-section elementor-top-section elementor-element elementor-element-2b96ddf7 elementor-section-boxed elementor-section-height-default elementor-section-height-default\" data-id=\"2b96ddf7\" data-element_type=\"section\" data-e-type=\"section\" data-settings=\"{&quot;background_background&quot;:&quot;classic&quot;}\">\n\t\t\t\t\t\t<div class=\"elementor-container elementor-column-gap-default\">\n\t\t\t\t\t<div class=\"elementor-column elementor-col-50 elementor-top-column elementor-element elementor-element-354a0751\" data-id=\"354a0751\" data-element_type=\"column\" data-e-type=\"column\">\n\t\t\t<div class=\"elementor-widget-wrap elementor-element-populated\">\n\t\t\t\t\t\t<div class=\"elementor-element elementor-element-188aea9c elementor-widget elementor-widget-breadcrumbs\" data-id=\"188aea9c\" data-element_type=\"widget\" data-e-type=\"widget\" data-widget_type=\"breadcrumbs.default\">\n\t\t\t\t<div class=\"elementor-widget-container\">\n\t\t\t\t\t<p id=\"breadcrumbs\"><span><span><a href=\"https:\/\/www.softtorque.com\/es\/\">Inicio<\/a><\/span><\/span><\/p>\t\t\t\t<\/div>\n\t\t\t\t<\/div>\n\t\t\t\t<div class=\"elementor-element elementor-element-29993e1d elementor-widget elementor-widget-text-editor\" data-id=\"29993e1d\" data-element_type=\"widget\" data-e-type=\"widget\" data-widget_type=\"text-editor.default\">\n\t\t\t\t<div class=\"elementor-widget-container\">\n\t\t\t\t\t\t\t\t\t<h2><b>Electroproyecto y Softtorque<br \/><\/b><\/h2><p><b>Fuimos la primera empresa del mundo en desarrollar e implantar un sistema Softtorque para sistemas AC TD, que mitiga con \u00e9xito el efecto stick-slip. Desde entonces, Electroproject Softtorque ha demostrado ser un importante ahorro de costes, lo que ha permitido a los operadores reducir los costes de perforaci\u00f3n en millones.<\/b><\/p><p>Reconocido como uno de los principales problemas a los que se enfrenta la industria de la perforaci\u00f3n, los numerosos esfuerzos por hacer efectiva la tecnolog\u00eda Softtorque hab\u00edan fracasado una y otra vez. Mientras tanto, el stick-slip y las vibraciones en el fondo del pozo segu\u00edan siendo dos de los principales retos de la industria de la perforaci\u00f3n.<\/p><p>La experiencia y el enfoque innovador de Electroproject han sido fundamentales para rejuvenecer con \u00e9xito la tecnolog\u00eda Softtorque desarrollada por Shell en los a\u00f1os noventa. Durante mucho tiempo, hasta la intervenci\u00f3n de Electroproject, esta tecnolog\u00eda estuvo plagada de problemas importantes cuando se aplicaba con sistemas de accionamiento de CA.\u00a0<\/p><p>Pero incluso la tecnolog\u00eda STRS mejorada de Shell ten\u00eda limitaciones conocidas en su capacidad de mitigaci\u00f3n del stick-slip, especialmente en operaciones de perforaci\u00f3n con fuerte desviaci\u00f3n y horizontales. Una vez m\u00e1s, Electroproject impuls\u00f3 la tecnolog\u00eda, creando el sistema Advanced Soft Torque, utilizando los conocimientos y la experiencia de Electroproject en la mitigaci\u00f3n de vibraciones en otras industrias.<\/p><h2>Electroproyecto y Softtorque avanzado<\/h2><p>Advanced Softtorque es el controlador de mitigaci\u00f3n de stick-slip de la d\u00e9cada de 2020. Todos los grandes operadores de O&amp;G lo consideran un solucionador de problemas en todas sus exigentes operaciones. Advanced Softtorque es un controlador denominado de ancho de banda amplio, capaz de aumentar la capacidad de mitigaci\u00f3n del stick-slip desde la superficie hasta sartas de perforaci\u00f3n de m\u00e1s de 40.000 pies de longitud total.<\/p><p><img fetchpriority=\"high\" decoding=\"async\" src=\"https:\/\/www.softtorque.com\/wp-content\/uploads\/2021\/03\/image7.png\" alt=\"\" width=\"600\" height=\"450\" \/><\/p><h2><b>Electroproyecto y Ztorque<\/b><\/h2><p>Electroproject, reconocido como uno de los campeones en an\u00e1lisis y mitigaci\u00f3n de vibraciones, form\u00f3 parte del equipo de Shell responsable del desarrollo de Ztorque. Tras el \u00e9xito de las pruebas, Shell concedi\u00f3 a Electroproject la licencia para suministrar Ztorque como controlador aut\u00f3nomo. La implementaci\u00f3n de Ztorque de Electroproject minimiza las adaptaciones necesarias en el equipo top-drive existente e incluso permite una opci\u00f3n de derivaci\u00f3n.<\/p><p><img decoding=\"async\" src=\"https:\/\/www.softtorque.com\/wp-content\/uploads\/2021\/06\/Afbeelding1.jpg\" alt=\"\" width=\"197\" height=\"264\" \/><\/p>\t\t\t\t\t\t\t\t<\/div>\n\t\t\t\t<\/div>\n\t\t\t\t\t<\/div>\n\t\t<\/div>\n\t\t\t\t<div class=\"elementor-column elementor-col-50 elementor-top-column elementor-element elementor-element-644b9c85\" data-id=\"644b9c85\" data-element_type=\"column\" data-e-type=\"column\" data-settings=\"{&quot;background_background&quot;:&quot;classic&quot;}\">\n\t\t\t<div class=\"elementor-widget-wrap elementor-element-populated\">\n\t\t\t\t\t\t<div class=\"elementor-element elementor-element-48add8ae elementor-widget elementor-widget-text-editor\" data-id=\"48add8ae\" data-element_type=\"widget\" data-e-type=\"widget\" data-widget_type=\"text-editor.default\">\n\t\t\t\t<div class=\"elementor-widget-container\">\n\t\t\t\t\t\t\t\t\t<h3><b>\u00bfQuiere saber m\u00e1s?<br \/><\/b><\/h3><p>Nuestro equipo comercial y t\u00e9cnico est\u00e1 a su disposici\u00f3n. No dude en hacernos cualquier pregunta.<\/p>\t\t\t\t\t\t\t\t<\/div>\n\t\t\t\t<\/div>\n\t\t\t\t<div class=\"elementor-element elementor-element-8578faf elementor-widget elementor-widget-button\" data-id=\"8578faf\" data-element_type=\"widget\" data-e-type=\"widget\" data-widget_type=\"button.default\">\n\t\t\t\t<div class=\"elementor-widget-container\">\n\t\t\t\t\t\t\t\t\t<div class=\"elementor-button-wrapper\">\n\t\t\t\t\t<a class=\"elementor-button elementor-button-link elementor-size-sm\" href=\"https:\/\/www.softtorque.com\/es\/pongase-en-contacto-con\/solicitud-de-presupuesto\/\">\n\t\t\t\t\t\t<span class=\"elementor-button-content-wrapper\">\n\t\t\t\t\t\t<span class=\"elementor-button-icon\">\n\t\t\t\t<i aria-hidden=\"true\" class=\"fas fa-chevron-circle-right\"><\/i>\t\t\t<\/span>\n\t\t\t\t\t\t\t\t\t<span class=\"elementor-button-text\">P\u00f3ngase en contacto con nosotros<\/span>\n\t\t\t\t\t<\/span>\n\t\t\t\t\t<\/a>\n\t\t\t\t<\/div>\n\t\t\t\t\t\t\t\t<\/div>\n\t\t\t\t<\/div>\n\t\t\t\t\t<\/div>\n\t\t<\/div>\n\t\t\t\t\t<\/div>\n\t\t<\/section>\n\t\t\t\t<section class=\"elementor-section elementor-top-section elementor-element elementor-element-7d845bf6 elementor-section-boxed elementor-section-height-default elementor-section-height-default\" data-id=\"7d845bf6\" data-element_type=\"section\" data-e-type=\"section\">\n\t\t\t\t\t\t<div class=\"elementor-container elementor-column-gap-default\">\n\t\t\t\t\t\t<\/div>\n\t\t<\/section>\n\t\t\t\t<section class=\"elementor-section elementor-top-section elementor-element elementor-element-5fca354 elementor-section-boxed elementor-section-height-default elementor-section-height-default\" data-id=\"5fca354\" data-element_type=\"section\" data-e-type=\"section\">\n\t\t\t\t\t\t<div class=\"elementor-container elementor-column-gap-default\">\n\t\t\t\t\t<div class=\"elementor-column elementor-col-100 elementor-top-column elementor-element elementor-element-437ec760\" data-id=\"437ec760\" data-element_type=\"column\" data-e-type=\"column\">\n\t\t\t<div class=\"elementor-widget-wrap elementor-element-populated\">\n\t\t\t\t\t\t\t<\/div>\n\t\t<\/div>\n\t\t\t\t\t<\/div>\n\t\t<\/section>\n\t\t\t\t<\/div>","protected":false},"excerpt":{"rendered":"<p>Advanced Softtorque Next level stick-slip mitigation technology Electroproject and Softtorque We were the first company in the world to develop and implement a Softtorque system for AC TD systems, which successfully mitigates stick-slip. Since then, Electroproject Softtorque has proven to be a significant cost-saver, enabling operators to cut back drilling costs by the millions. Recognized [&hellip;]<\/p>\n","protected":false},"author":1,"featured_media":0,"parent":1381,"menu_order":0,"comment_status":"closed","ping_status":"closed","template":"","meta":{"inline_featured_image":false,"site-sidebar-layout":"no-sidebar","site-content-layout":"page-builder","ast-site-content-layout":"default","site-content-style":"default","site-sidebar-style":"default","ast-global-header-display":"","ast-banner-title-visibility":"","ast-main-header-display":"","ast-hfb-above-header-display":"","ast-hfb-below-header-display":"","ast-hfb-mobile-header-display":"","site-post-title":"disabled","ast-breadcrumbs-content":"disabled","ast-featured-img":"","footer-sml-layout":"","ast-disable-related-posts":"","theme-transparent-header-meta":"default","adv-header-id-meta":"","stick-header-meta":"default","header-above-stick-meta":"","header-main-stick-meta":"","header-below-stick-meta":"","astra-migrate-meta-layouts":"default","ast-page-background-enabled":"default","ast-page-background-meta":{"desktop":{"background-color":"","background-image":"","background-repeat":"repeat","background-position":"center center","background-size":"auto","background-attachment":"scroll","background-type":"","background-media":"","overlay-type":"","overlay-color":"","overlay-opacity":"","overlay-gradient":""},"tablet":{"background-color":"","background-image":"","background-repeat":"repeat","background-position":"center center","background-size":"auto","background-attachment":"scroll","background-type":"","background-media":"","overlay-type":"","overlay-color":"","overlay-opacity":"","overlay-gradient":""},"mobile":{"background-color":"","background-image":"","background-repeat":"repeat","background-position":"center center","background-size":"auto","background-attachment":"scroll","background-type":"","background-media":"","overlay-type":"","overlay-color":"","overlay-opacity":"","overlay-gradient":""}},"ast-content-background-meta":{"desktop":{"background-color":"var(--ast-global-color-5)","background-image":"","background-repeat":"repeat","background-position":"center center","background-size":"auto","background-attachment":"scroll","background-type":"","background-media":"","overlay-type":"","overlay-color":"","overlay-opacity":"","overlay-gradient":""},"tablet":{"background-color":"var(--ast-global-color-5)","background-image":"","background-repeat":"repeat","background-position":"center center","background-size":"auto","background-attachment":"scroll","background-type":"","background-media":"","overlay-type":"","overlay-color":"","overlay-opacity":"","overlay-gradient":""},"mobile":{"background-color":"var(--ast-global-color-5)","background-image":"","background-repeat":"repeat","background-position":"center center","background-size":"auto","background-attachment":"scroll","background-type":"","background-media":"","overlay-type":"","overlay-color":"","overlay-opacity":"","overlay-gradient":""}},"footnotes":""},"class_list":["post-1378","page","type-page","status-publish","hentry"],"yoast_head":"<!-- This site is optimized with the Yoast SEO plugin v27.1.1 - https:\/\/yoast.com\/product\/yoast-seo-wordpress\/ -->\n<title>Electroproject and Softtorque | Softtorque<\/title>\n<meta name=\"robots\" content=\"index, follow, max-snippet:-1, max-image-preview:large, max-video-preview:-1\" \/>\n<link rel=\"canonical\" href=\"https:\/\/www.softtorque.com\/es\/quienes-somos\/electroproyecto-y-torque-suave\/\" \/>\n<meta property=\"og:locale\" content=\"es_ES\" \/>\n<meta property=\"og:type\" content=\"article\" \/>\n<meta property=\"og:title\" content=\"Electroproject and Softtorque | Softtorque\" \/>\n<meta property=\"og:description\" content=\"Advanced Softtorque Next level stick-slip mitigation technology Electroproject and Softtorque We were the first company in the world to develop and implement a Softtorque system for AC TD systems, which successfully mitigates stick-slip. Since then, Electroproject Softtorque has proven to be a significant cost-saver, enabling operators to cut back drilling costs by the millions. Recognized [&hellip;]\" \/>\n<meta property=\"og:url\" content=\"https:\/\/www.softtorque.com\/es\/quienes-somos\/electroproyecto-y-torque-suave\/\" \/>\n<meta property=\"og:site_name\" content=\"Softtorque\" \/>\n<meta property=\"article:modified_time\" content=\"2024-10-01T15:20:12+00:00\" \/>\n<meta property=\"og:image\" content=\"https:\/\/www.softtorque.com\/wp-content\/uploads\/2021\/03\/image7.png\" \/>\n<meta name=\"twitter:card\" content=\"summary_large_image\" \/>\n<meta name=\"twitter:label1\" content=\"Tiempo de lectura\" \/>\n\t<meta name=\"twitter:data1\" content=\"2 minutos\" \/>\n<script type=\"application\/ld+json\" class=\"yoast-schema-graph\">{\"@context\":\"https:\/\/schema.org\",\"@graph\":[{\"@type\":\"WebPage\",\"@id\":\"https:\/\/www.softtorque.com\/who-we-are\/electroproject-and-soft-torque\/\",\"url\":\"https:\/\/www.softtorque.com\/who-we-are\/electroproject-and-soft-torque\/\",\"name\":\"Electroproject and Softtorque | Softtorque\",\"isPartOf\":{\"@id\":\"https:\/\/www.softtorque.com\/#website\"},\"primaryImageOfPage\":{\"@id\":\"https:\/\/www.softtorque.com\/who-we-are\/electroproject-and-soft-torque\/#primaryimage\"},\"image\":{\"@id\":\"https:\/\/www.softtorque.com\/who-we-are\/electroproject-and-soft-torque\/#primaryimage\"},\"thumbnailUrl\":\"https:\/\/www.softtorque.com\/wp-content\/uploads\/2021\/03\/image7.png\",\"datePublished\":\"2021-03-18T13:35:09+00:00\",\"dateModified\":\"2024-10-01T15:20:12+00:00\",\"breadcrumb\":{\"@id\":\"https:\/\/www.softtorque.com\/who-we-are\/electroproject-and-soft-torque\/#breadcrumb\"},\"inLanguage\":\"es\",\"potentialAction\":[{\"@type\":\"ReadAction\",\"target\":[\"https:\/\/www.softtorque.com\/who-we-are\/electroproject-and-soft-torque\/\"]}]},{\"@type\":\"ImageObject\",\"inLanguage\":\"es\",\"@id\":\"https:\/\/www.softtorque.com\/who-we-are\/electroproject-and-soft-torque\/#primaryimage\",\"url\":\"https:\/\/www.softtorque.com\/wp-content\/uploads\/2021\/03\/image7.png\",\"contentUrl\":\"https:\/\/www.softtorque.com\/wp-content\/uploads\/2021\/03\/image7.png\"},{\"@type\":\"BreadcrumbList\",\"@id\":\"https:\/\/www.softtorque.com\/who-we-are\/electroproject-and-soft-torque\/#breadcrumb\",\"itemListElement\":[{\"@type\":\"ListItem\",\"position\":1,\"name\":\"Home\",\"item\":\"https:\/\/www.softtorque.com\/\"},{\"@type\":\"ListItem\",\"position\":2,\"name\":\"Who we are\",\"item\":\"https:\/\/www.softtorque.com\/who-we-are\/\"},{\"@type\":\"ListItem\",\"position\":3,\"name\":\"Electroproject and Softtorque\"}]},{\"@type\":\"WebSite\",\"@id\":\"https:\/\/www.softtorque.com\/#website\",\"url\":\"https:\/\/www.softtorque.com\/\",\"name\":\"Softtorque\",\"description\":\"\",\"publisher\":{\"@id\":\"https:\/\/www.softtorque.com\/#organization\"},\"potentialAction\":[{\"@type\":\"SearchAction\",\"target\":{\"@type\":\"EntryPoint\",\"urlTemplate\":\"https:\/\/www.softtorque.com\/?s={search_term_string}\"},\"query-input\":{\"@type\":\"PropertyValueSpecification\",\"valueRequired\":true,\"valueName\":\"search_term_string\"}}],\"inLanguage\":\"es\"},{\"@type\":\"Organization\",\"@id\":\"https:\/\/www.softtorque.com\/#organization\",\"name\":\"Logopediepraktijk Oosterwijk\",\"url\":\"https:\/\/www.softtorque.com\/\",\"logo\":{\"@type\":\"ImageObject\",\"inLanguage\":\"es\",\"@id\":\"https:\/\/www.softtorque.com\/#\/schema\/logo\/image\/\",\"url\":\"\",\"contentUrl\":\"\",\"caption\":\"Logopediepraktijk Oosterwijk\"},\"image\":{\"@id\":\"https:\/\/www.softtorque.com\/#\/schema\/logo\/image\/\"}}]}<\/script>\n<!-- \/ Yoast SEO plugin. -->","yoast_head_json":{"title":"Electroproject y Softtorque | Softtorque","robots":{"index":"index","follow":"follow","max-snippet":"max-snippet:-1","max-image-preview":"max-image-preview:large","max-video-preview":"max-video-preview:-1"},"canonical":"https:\/\/www.softtorque.com\/es\/quienes-somos\/electroproyecto-y-torque-suave\/","og_locale":"es_ES","og_type":"article","og_title":"Electroproject and Softtorque | Softtorque","og_description":"Advanced Softtorque Next level stick-slip mitigation technology Electroproject and Softtorque We were the first company in the world to develop and implement a Softtorque system for AC TD systems, which successfully mitigates stick-slip. Since then, Electroproject Softtorque has proven to be a significant cost-saver, enabling operators to cut back drilling costs by the millions. Recognized [&hellip;]","og_url":"https:\/\/www.softtorque.com\/es\/quienes-somos\/electroproyecto-y-torque-suave\/","og_site_name":"Softtorque","article_modified_time":"2024-10-01T15:20:12+00:00","og_image":[{"url":"https:\/\/www.softtorque.com\/wp-content\/uploads\/2021\/03\/image7.png","type":"","width":"","height":""}],"twitter_card":"summary_large_image","twitter_misc":{"Tiempo de lectura":"2 minutos"},"schema":{"@context":"https:\/\/schema.org","@graph":[{"@type":"WebPage","@id":"https:\/\/www.softtorque.com\/who-we-are\/electroproject-and-soft-torque\/","url":"https:\/\/www.softtorque.com\/who-we-are\/electroproject-and-soft-torque\/","name":"Electroproject y Softtorque | Softtorque","isPartOf":{"@id":"https:\/\/www.softtorque.com\/#website"},"primaryImageOfPage":{"@id":"https:\/\/www.softtorque.com\/who-we-are\/electroproject-and-soft-torque\/#primaryimage"},"image":{"@id":"https:\/\/www.softtorque.com\/who-we-are\/electroproject-and-soft-torque\/#primaryimage"},"thumbnailUrl":"https:\/\/www.softtorque.com\/wp-content\/uploads\/2021\/03\/image7.png","datePublished":"2021-03-18T13:35:09+00:00","dateModified":"2024-10-01T15:20:12+00:00","breadcrumb":{"@id":"https:\/\/www.softtorque.com\/who-we-are\/electroproject-and-soft-torque\/#breadcrumb"},"inLanguage":"es","potentialAction":[{"@type":"ReadAction","target":["https:\/\/www.softtorque.com\/who-we-are\/electroproject-and-soft-torque\/"]}]},{"@type":"ImageObject","inLanguage":"es","@id":"https:\/\/www.softtorque.com\/who-we-are\/electroproject-and-soft-torque\/#primaryimage","url":"https:\/\/www.softtorque.com\/wp-content\/uploads\/2021\/03\/image7.png","contentUrl":"https:\/\/www.softtorque.com\/wp-content\/uploads\/2021\/03\/image7.png"},{"@type":"BreadcrumbList","@id":"https:\/\/www.softtorque.com\/who-we-are\/electroproject-and-soft-torque\/#breadcrumb","itemListElement":[{"@type":"ListItem","position":1,"name":"Home","item":"https:\/\/www.softtorque.com\/"},{"@type":"ListItem","position":2,"name":"Who we are","item":"https:\/\/www.softtorque.com\/who-we-are\/"},{"@type":"ListItem","position":3,"name":"Electroproject and Softtorque"}]},{"@type":"WebSite","@id":"https:\/\/www.softtorque.com\/#website","url":"https:\/\/www.softtorque.com\/","name":"Apriete suave","description":"","publisher":{"@id":"https:\/\/www.softtorque.com\/#organization"},"potentialAction":[{"@type":"SearchAction","target":{"@type":"EntryPoint","urlTemplate":"https:\/\/www.softtorque.com\/?s={search_term_string}"},"query-input":{"@type":"PropertyValueSpecification","valueRequired":true,"valueName":"search_term_string"}}],"inLanguage":"es"},{"@type":"Organization","@id":"https:\/\/www.softtorque.com\/#organization","name":"Logopediepraktijk Oosterwijk","url":"https:\/\/www.softtorque.com\/","logo":{"@type":"ImageObject","inLanguage":"es","@id":"https:\/\/www.softtorque.com\/#\/schema\/logo\/image\/","url":"","contentUrl":"","caption":"Logopediepraktijk Oosterwijk"},"image":{"@id":"https:\/\/www.softtorque.com\/#\/schema\/logo\/image\/"}}]}},"_links":{"self":[{"href":"https:\/\/www.softtorque.com\/es\/wp-json\/wp\/v2\/pages\/1378","targetHints":{"allow":["GET"]}}],"collection":[{"href":"https:\/\/www.softtorque.com\/es\/wp-json\/wp\/v2\/pages"}],"about":[{"href":"https:\/\/www.softtorque.com\/es\/wp-json\/wp\/v2\/types\/page"}],"author":[{"embeddable":true,"href":"https:\/\/www.softtorque.com\/es\/wp-json\/wp\/v2\/users\/1"}],"replies":[{"embeddable":true,"href":"https:\/\/www.softtorque.com\/es\/wp-json\/wp\/v2\/comments?post=1378"}],"version-history":[{"count":6,"href":"https:\/\/www.softtorque.com\/es\/wp-json\/wp\/v2\/pages\/1378\/revisions"}],"predecessor-version":[{"id":3205,"href":"https:\/\/www.softtorque.com\/es\/wp-json\/wp\/v2\/pages\/1378\/revisions\/3205"}],"up":[{"embeddable":true,"href":"https:\/\/www.softtorque.com\/es\/wp-json\/wp\/v2\/pages\/1381"}],"wp:attachment":[{"href":"https:\/\/www.softtorque.com\/es\/wp-json\/wp\/v2\/media?parent=1378"}],"curies":[{"name":"wp","href":"https:\/\/api.w.org\/{rel}","templated":true}]}}